{"id":14,"date":"2017-01-11T15:39:45","date_gmt":"2017-01-11T14:39:45","guid":{"rendered":"http:\/\/murs.fr\/?page_id=14"},"modified":"2023-07-02T12:01:04","modified_gmt":"2023-07-02T10:01:04","slug":"le-m-u-r-s","status":"publish","type":"page","link":"http:\/\/murs.fr\/","title":{"rendered":"Le M.U.R.S."},"content":{"rendered":"\n<p>Le Mouvement Universel de la Responsabilit\u00e9 Scientifique est une Association loi 1901 qui a pour but d\u2019organiser des manifestations, destin\u00e9es \u00e0 la prise de conscience des probl\u00e8mes qui peuvent r\u00e9sulter pour l\u2019humanit\u00e9 du d\u00e9veloppement de la science et de ses applications. L\u2019Association organise des colloques, conf\u00e9rences, s\u00e9minaires, enqu\u00eates, \u00e9tudes et publie \u00ab&nbsp;Science &amp; Devenir de l\u2019Homme \u2013 Les Cahiers du M.U.R.S.&nbsp;\u00bb (<a href=\"http:\/\/murs.fr\/?page_id=446\">lien Nouveaux Cahiers<\/a>, pour les derniers num\u00e9ros ; <a href=\"https:\/\/archive-murs.projet.latmos.ipsl.fr\/\">lien Archives<\/a> pour les num\u00e9ros de 1984 \u00e0 2011).<\/p>\n\n\n\n<p>Le M.U.R.S. favorise la concertation des scientifiques de tous pays entre eux et avec toutes &nbsp;celles et ceux que ces probl\u00e8mes concernent en vue de leur information mutuelle, de la confrontation de leurs r\u00e9flexions et l\u2019\u00e9laboration de propositions communes.<\/p>\n\n\n\n<p>Voir notre&nbsp;<a href=\"http:\/\/murs.fr\/?page_id=56\" data-type=\"URL\" data-id=\"http:\/\/murs.fr\/?page_id=56\">manifeste des Mad\u00e8res de 2018<\/a><\/p>\n\n\n\n<p><a href=\"http:\/\/murs.fr\/?cat=3\" data-type=\"URL\" data-id=\"http:\/\/murs.fr\/?cat=3\">Actualit\u00e9s du M.U.R.S.<\/a><\/p>\n","protected":false},"excerpt":{"rendered":"<p>Le Mouvement Universel de la Responsabilit\u00e9 Scientifique est une Association loi 1901 qui a pour but d\u2019organiser des manifestations, destin\u00e9es \u00e0 la prise de conscience des probl\u00e8mes qui peuvent r\u00e9sulter pour l\u2019humanit\u00e9 du d\u00e9veloppement de la science et de ses applications. L\u2019Association organise des colloques, conf\u00e9rences, s\u00e9minaires, enqu\u00eates, \u00e9tudes et publie \u00ab&nbsp;Science &amp; Devenir de &hellip; <a href=\"http:\/\/murs.fr\/\" class=\"more-link\">Continuer la lecture<span class=\"screen-reader-text\"> de &laquo;&nbsp;Le M.U.R.S.&nbsp;&raquo;<\/span><\/a><\/p>\n","protected":false},"author":1,"featured_media":0,"parent":0,"menu_order":0,"comment_status":"closed","ping_status":"closed","template":"","meta":{"spay_email":"","footnotes":""},"jetpack_sharing_enabled":true,"jetpack_shortlink":"https:\/\/wp.me\/P8hHEz-e","jetpack-related-posts":[{"id":31,"url":"http:\/\/murs.fr\/?page_id=31","url_meta":{"origin":14,"position":0},"title":"Pr\u00e9sentation","date":"11 janvier 2017","format":false,"excerpt":"Le Mouvement Universel de la Responsabilit\u00e9 Scientifique est une Association loi 1901 qui a pour but d'organiser des manifestations, destin\u00e9es \u00e0 la prise de conscience des probl\u00e8mes qui peuvent r\u00e9sulter pour l\u2019humanit\u00e9 du d\u00e9veloppement de la science et de ses applications. L\u2019Association organise des colloques, conf\u00e9rences, s\u00e9minaires, enqu\u00eates, \u00e9tudes et\u2026","rel":"","context":"Article similaire","img":{"alt_text":"","src":"","width":0,"height":0},"classes":[]},{"id":446,"url":"http:\/\/murs.fr\/?page_id=446","url_meta":{"origin":14,"position":1},"title":"Science & Devenir de l\u2019Homme \u2013  Les Nouveaux Cahiers du MURS","date":"5 f\u00e9vrier 2022","format":false,"excerpt":"Apr\u00e8s plusieurs ann\u00e9es d\u2019interruption, la revue du MURS rena\u00eet en 2022 sous le nom \"Science & Devenir de l'Homme - Les Nouveaux Cahiers du MURS\". Nous sommes convaincus de l\u2019utilit\u00e9 pour le d\u00e9bat public d\u2019un lieu d\u2019\u00e9change privil\u00e9giant l\u2019\u00e9crit, s\u2019inscrivant dans la dur\u00e9e, en prise avec les enjeux du moment\u2026","rel":"","context":"Article similaire","img":{"alt_text":"","src":"","width":0,"height":0},"classes":[]},{"id":504,"url":"http:\/\/murs.fr\/?page_id=504","url_meta":{"origin":14,"position":2},"title":"La Revue du MURS : Archives","date":"14 f\u00e9vrier 2022","format":false,"excerpt":"Les Cahiers du MURS : de 1984 \u00e0 2011 Science & Devenir de l'Homme - Les Cahiers du MURS, revue trimestrielle en Sciences Humaines et Sociales, est apparue en 1984, publi\u00e9e par l'association \"Mouvement Universel de la Responsabilit\u00e9 Scientifique\".De 1984 \u00e0 2011, la revue rapporte les Conf\u00e9rences\u00a0et\u00a0Cours publics\u00a0de l'association sur\u2026","rel":"","context":"Article similaire","img":{"alt_text":"","src":"","width":0,"height":0},"classes":[]},{"id":44,"url":"http:\/\/murs.fr\/?page_id=44","url_meta":{"origin":14,"position":3},"title":"La Revue du M.U.R.S.","date":"11 janvier 2017","format":false,"excerpt":"Revue trimestrielle en Sciences Humaines et Sociales, apparue en 1984, publi\u00e9e par l'association\u00a0\"Mouvement Universel de la Responsabilit\u00e9 Scientifique\".La revue rapporte les\u00a0Conf\u00e9rences\u00a0et\u00a0Cours publics\u00a0de l'association sur le th\u00e8me de la responsabilit\u00e9 scientifique dans le\u00a0monde moderne.A partir de 2022, tous les articles\u00a0sont consultables en version\u00a0pdf et en libre acc\u00e8s sur la page \"Les\u2026","rel":"","context":"Article similaire","img":{"alt_text":"","src":"","width":0,"height":0},"classes":[]},{"id":569,"url":"http:\/\/murs.fr\/?page_id=569","url_meta":{"origin":14,"position":4},"title":"Num\u00e9ro 2 : S'informer et communiquer  en p\u00e9riode de pand\u00e9mie","date":"15 septembre 2022","format":false,"excerpt":"Editorial Mars 2020\u00a0: du jour au lendemain, la France enti\u00e8re s\u2019est improvis\u00e9e virologue et \u00e9pid\u00e9miologiste. Du citoyen le plus r\u00e9tif aux mati\u00e8res scientifiques \u00e0 l\u2019expert le plus pointu dans son domaine, chacun est parti en qu\u00eate d\u2019informations sur le SARS-CoV-2, la Covid-19 et les solutions th\u00e9rapeutiques. Pass\u00e9 le premier effet\u2026","rel":"","context":"Article similaire","img":{"alt_text":"","src":"","width":0,"height":0},"classes":[]},{"id":162,"url":"http:\/\/murs.fr\/?page_id=162","url_meta":{"origin":14,"position":5},"title":"Adh\u00e9rer","date":"14 juin 2018","format":false,"excerpt":"Toutes les personnes int\u00e9ress\u00e9es par les th\u00e9matiques d\u00e9battues au M.U.R.S. Et d\u00e9sireuses de s'engager pour la responsabilit\u00e9 scientifique peuvent adh\u00e9rer \u00e0 notre association. Bulletin d'adh\u00e9sion \u00e0 t\u00e9l\u00e9charger, remplir et renvoyer \u00e0 la tr\u00e9sori\u00e8re du M.U.R.S.","rel":"","context":"Article similaire","img":{"alt_text":"","src":"","width":0,"height":0},"classes":[]}],"_links":{"self":[{"href":"http:\/\/murs.fr\/index.php?rest_route=\/wp\/v2\/pages\/14"}],"collection":[{"href":"http:\/\/murs.fr\/index.php?rest_route=\/wp\/v2\/pages"}],"about":[{"href":"http:\/\/murs.fr\/index.php?rest_route=\/wp\/v2\/types\/page"}],"author":[{"embeddable":true,"href":"http:\/\/murs.fr\/index.php?rest_route=\/wp\/v2\/users\/1"}],"replies":[{"embeddable":true,"href":"http:\/\/murs.fr\/index.php?rest_route=%2Fwp%2Fv2%2Fcomments&post=14"}],"version-history":[{"count":9,"href":"http:\/\/murs.fr\/index.php?rest_route=\/wp\/v2\/pages\/14\/revisions"}],"predecessor-version":[{"id":903,"href":"http:\/\/murs.fr\/index.php?rest_route=\/wp\/v2\/pages\/14\/revisions\/903"}],"wp:attachment":[{"href":"http:\/\/murs.fr\/index.php?rest_route=%2Fwp%2Fv2%2Fmedia&parent=14"}],"curies":[{"name":"wp","href":"https:\/\/api.w.org\/{rel}","templated":true}]}}