{"id":162,"date":"2018-06-14T17:48:07","date_gmt":"2018-06-14T15:48:07","guid":{"rendered":"http:\/\/murs.fr\/?page_id=162"},"modified":"2018-07-07T12:34:08","modified_gmt":"2018-07-07T10:34:08","slug":"adherer-au-murs","status":"publish","type":"page","link":"http:\/\/murs.fr\/?page_id=162","title":{"rendered":"Adh\u00e9rer"},"content":{"rendered":"<p>Toutes les personnes int\u00e9ress\u00e9es par les th\u00e9matiques d\u00e9battues au M.U.R.S. Et d\u00e9sireuses de s&rsquo;engager pour la responsabilit\u00e9 scientifique peuvent adh\u00e9rer \u00e0 notre association.<\/p>\n<p><a href=\"http:\/\/murs.fr\/wp-content\/uploads\/2018\/06\/mursbulletinadhesion2018_web.pdf\">Bulletin d&rsquo;adh\u00e9sion<\/a> \u00e0 t\u00e9l\u00e9charger, remplir et renvoyer \u00e0 la tr\u00e9sori\u00e8re du M.U.R.S.<\/p>\n","protected":false},"excerpt":{"rendered":"<p>Toutes les personnes int\u00e9ress\u00e9es par les th\u00e9matiques d\u00e9battues au M.U.R.S. Et d\u00e9sireuses de s&rsquo;engager pour la responsabilit\u00e9 scientifique peuvent adh\u00e9rer \u00e0 notre association. Bulletin d&rsquo;adh\u00e9sion \u00e0 t\u00e9l\u00e9charger, remplir et renvoyer \u00e0 la tr\u00e9sori\u00e8re du M.U.R.S.<\/p>\n","protected":false},"author":1,"featured_media":0,"parent":0,"menu_order":0,"comment_status":"closed","ping_status":"closed","template":"","meta":{"spay_email":"","footnotes":""},"jetpack_sharing_enabled":true,"jetpack_shortlink":"https:\/\/wp.me\/P8hHEz-2C","jetpack-related-posts":[{"id":14,"url":"http:\/\/murs.fr\/","url_meta":{"origin":162,"position":0},"title":"Le M.U.R.S.","date":"11 janvier 2017","format":false,"excerpt":"Le Mouvement Universel de la Responsabilit\u00e9 Scientifique est une Association loi 1901 qui a pour but d\u2019organiser des manifestations, destin\u00e9es \u00e0 la prise de conscience des probl\u00e8mes qui peuvent r\u00e9sulter pour l\u2019humanit\u00e9 du d\u00e9veloppement de la science et de ses applications. L\u2019Association organise des colloques, conf\u00e9rences, s\u00e9minaires, enqu\u00eates, \u00e9tudes et\u2026","rel":"","context":"Article similaire","img":{"alt_text":"","src":"","width":0,"height":0},"classes":[]},{"id":31,"url":"http:\/\/murs.fr\/?page_id=31","url_meta":{"origin":162,"position":1},"title":"Pr\u00e9sentation","date":"11 janvier 2017","format":false,"excerpt":"Le Mouvement Universel de la Responsabilit\u00e9 Scientifique est une Association loi 1901 qui a pour but d'organiser des manifestations, destin\u00e9es \u00e0 la prise de conscience des probl\u00e8mes qui peuvent r\u00e9sulter pour l\u2019humanit\u00e9 du d\u00e9veloppement de la science et de ses applications. L\u2019Association organise des colloques, conf\u00e9rences, s\u00e9minaires, enqu\u00eates, \u00e9tudes et\u2026","rel":"","context":"Article similaire","img":{"alt_text":"","src":"","width":0,"height":0},"classes":[]},{"id":44,"url":"http:\/\/murs.fr\/?page_id=44","url_meta":{"origin":162,"position":2},"title":"La Revue du M.U.R.S.","date":"11 janvier 2017","format":false,"excerpt":"Revue trimestrielle en Sciences Humaines et Sociales, apparue en 1984, publi\u00e9e par l'association\u00a0\"Mouvement Universel de la Responsabilit\u00e9 Scientifique\".La revue rapporte les\u00a0Conf\u00e9rences\u00a0et\u00a0Cours publics\u00a0de l'association sur le th\u00e8me de la responsabilit\u00e9 scientifique dans le\u00a0monde moderne.A partir de 2022, tous les articles\u00a0sont consultables en version\u00a0pdf et en libre acc\u00e8s sur la page \"Les\u2026","rel":"","context":"Article similaire","img":{"alt_text":"","src":"","width":0,"height":0},"classes":[]},{"id":48,"url":"http:\/\/murs.fr\/?page_id=48","url_meta":{"origin":162,"position":3},"title":"Mission","date":"11 janvier 2017","format":false,"excerpt":"Responsables nous le sommes tous individuellement : scientifiques et non scientifiques, d\u00e9cideurs et citoyens. Souvent b\u00e9n\u00e9ficiaires dans l'imm\u00e9diat du progr\u00e8s scientifique, nous sommes comptables des risques que, mal orient\u00e9, il peut faire courir \u00e0 l'humanit\u00e9. Toute responsabilit\u00e9, pour exister comme pour s'exercer, exige information et r\u00e9flexion, pr\u00e9lude au dialogue d'o\u00f9\u2026","rel":"","context":"Article similaire","img":{"alt_text":"","src":"","width":0,"height":0},"classes":[]},{"id":168,"url":"http:\/\/murs.fr\/?page_id=168","url_meta":{"origin":162,"position":4},"title":"Rapports d\u2019activit\u00e9","date":"14 juin 2018","format":false,"excerpt":"Tous les ans a l'assembl\u00e9e g\u00e9n\u00e9ral annuelle, le Secr\u00e9taire G\u00e9n\u00e9ral pr\u00e9sente le rapport moral de l'ann\u00e9e \u00e9coul\u00e9e. Rapport moral ann\u00e9e 2017, pr\u00e9sent\u00e9 \u00e0 l'AG de 2018","rel":"","context":"Article similaire","img":{"alt_text":"","src":"","width":0,"height":0},"classes":[]},{"id":446,"url":"http:\/\/murs.fr\/?page_id=446","url_meta":{"origin":162,"position":5},"title":"Science & Devenir de l\u2019Homme \u2013  Les Nouveaux Cahiers du MURS","date":"5 f\u00e9vrier 2022","format":false,"excerpt":"Apr\u00e8s plusieurs ann\u00e9es d\u2019interruption, la revue du MURS rena\u00eet en 2022 sous le nom \"Science & Devenir de l'Homme - Les Nouveaux Cahiers du MURS\". Nous sommes convaincus de l\u2019utilit\u00e9 pour le d\u00e9bat public d\u2019un lieu d\u2019\u00e9change privil\u00e9giant l\u2019\u00e9crit, s\u2019inscrivant dans la dur\u00e9e, en prise avec les enjeux du moment\u2026","rel":"","context":"Article similaire","img":{"alt_text":"","src":"","width":0,"height":0},"classes":[]}],"_links":{"self":[{"href":"http:\/\/murs.fr\/index.php?rest_route=\/wp\/v2\/pages\/162"}],"collection":[{"href":"http:\/\/murs.fr\/index.php?rest_route=\/wp\/v2\/pages"}],"about":[{"href":"http:\/\/murs.fr\/index.php?rest_route=\/wp\/v2\/types\/page"}],"author":[{"embeddable":true,"href":"http:\/\/murs.fr\/index.php?rest_route=\/wp\/v2\/users\/1"}],"replies":[{"embeddable":true,"href":"http:\/\/murs.fr\/index.php?rest_route=%2Fwp%2Fv2%2Fcomments&post=162"}],"version-history":[{"count":7,"href":"http:\/\/murs.fr\/index.php?rest_route=\/wp\/v2\/pages\/162\/revisions"}],"predecessor-version":[{"id":247,"href":"http:\/\/murs.fr\/index.php?rest_route=\/wp\/v2\/pages\/162\/revisions\/247"}],"wp:attachment":[{"href":"http:\/\/murs.fr\/index.php?rest_route=%2Fwp%2Fv2%2Fmedia&parent=162"}],"curies":[{"name":"wp","href":"https:\/\/api.w.org\/{rel}","templated":true}]}}