{"id":168,"date":"2018-06-14T15:31:34","date_gmt":"2018-06-14T13:31:34","guid":{"rendered":"http:\/\/murs.fr\/?page_id=168"},"modified":"2018-06-14T18:13:55","modified_gmt":"2018-06-14T16:13:55","slug":"rapports-dactivite","status":"publish","type":"page","link":"http:\/\/murs.fr\/?page_id=168","title":{"rendered":"Rapports d\u2019activit\u00e9"},"content":{"rendered":"<p><img decoding=\"async\" class=\"alignnone size-full\" src=\"https:\/\/i1.wp.com\/murs.fr\/wp-content\/uploads\/2017\/01\/cropped-14718683_1244289715637004_4678855589041673467_n-e1484143623240-2.jpg?w=840\" data-recalc-dims=\"1\" \/>Tous les ans a l&rsquo;assembl\u00e9e g\u00e9n\u00e9ral annuelle, le Secr\u00e9taire G\u00e9n\u00e9ral pr\u00e9sente le rapport moral de l&rsquo;ann\u00e9e \u00e9coul\u00e9e.<\/p>\n<ul>\n<li><a href=\"http:\/\/murs.fr\/?p=167\">Rapport moral ann\u00e9e 2017, pr\u00e9sent\u00e9 \u00e0 l&rsquo;AG de 2018<\/a><\/li>\n<\/ul>\n","protected":false},"excerpt":{"rendered":"<p>Tous les ans a l&rsquo;assembl\u00e9e g\u00e9n\u00e9ral annuelle, le Secr\u00e9taire G\u00e9n\u00e9ral pr\u00e9sente le rapport moral de l&rsquo;ann\u00e9e \u00e9coul\u00e9e. Rapport moral ann\u00e9e 2017, pr\u00e9sent\u00e9 \u00e0 l&rsquo;AG de 2018<\/p>\n","protected":false},"author":1,"featured_media":0,"parent":14,"menu_order":0,"comment_status":"closed","ping_status":"closed","template":"","meta":{"spay_email":"","footnotes":""},"jetpack_sharing_enabled":true,"jetpack_shortlink":"https:\/\/wp.me\/P8hHEz-2I","jetpack-related-posts":[],"_links":{"self":[{"href":"http:\/\/murs.fr\/index.php?rest_route=\/wp\/v2\/pages\/168"}],"collection":[{"href":"http:\/\/murs.fr\/index.php?rest_route=\/wp\/v2\/pages"}],"about":[{"href":"http:\/\/murs.fr\/index.php?rest_route=\/wp\/v2\/types\/page"}],"author":[{"embeddable":true,"href":"http:\/\/murs.fr\/index.php?rest_route=\/wp\/v2\/users\/1"}],"replies":[{"embeddable":true,"href":"http:\/\/murs.fr\/index.php?rest_route=%2Fwp%2Fv2%2Fcomments&post=168"}],"version-history":[{"count":3,"href":"http:\/\/murs.fr\/index.php?rest_route=\/wp\/v2\/pages\/168\/revisions"}],"predecessor-version":[{"id":185,"href":"http:\/\/murs.fr\/index.php?rest_route=\/wp\/v2\/pages\/168\/revisions\/185"}],"up":[{"embeddable":true,"href":"http:\/\/murs.fr\/index.php?rest_route=\/wp\/v2\/pages\/14"}],"wp:attachment":[{"href":"http:\/\/murs.fr\/index.php?rest_route=%2Fwp%2Fv2%2Fmedia&parent=168"}],"curies":[{"name":"wp","href":"https:\/\/api.w.org\/{rel}","templated":true}]}}