{"id":44,"date":"2017-01-11T17:47:18","date_gmt":"2017-01-11T16:47:18","guid":{"rendered":"http:\/\/murs.fr\/?page_id=44"},"modified":"2023-07-02T11:58:53","modified_gmt":"2023-07-02T09:58:53","slug":"la-revue-du-m-u-r-s","status":"publish","type":"page","link":"http:\/\/murs.fr\/?page_id=44","title":{"rendered":"La Revue du M.U.R.S."},"content":{"rendered":"<p><img loading=\"lazy\" decoding=\"async\" data-attachment-id=\"45\" data-permalink=\"http:\/\/murs.fr\/?attachment_id=45\" data-orig-file=\"https:\/\/i0.wp.com\/murs.fr\/wp-content\/uploads\/2017\/01\/couvsdh110.jpg?fit=110%2C140\" data-orig-size=\"110,140\" data-comments-opened=\"1\" data-image-meta=\"{&quot;aperture&quot;:&quot;0&quot;,&quot;credit&quot;:&quot;&quot;,&quot;camera&quot;:&quot;&quot;,&quot;caption&quot;:&quot;&quot;,&quot;created_timestamp&quot;:&quot;0&quot;,&quot;copyright&quot;:&quot;&quot;,&quot;focal_length&quot;:&quot;0&quot;,&quot;iso&quot;:&quot;0&quot;,&quot;shutter_speed&quot;:&quot;0&quot;,&quot;title&quot;:&quot;&quot;,&quot;orientation&quot;:&quot;0&quot;}\" data-image-title=\"couvsdh110\" data-image-description=\"\" data-medium-file=\"https:\/\/i0.wp.com\/murs.fr\/wp-content\/uploads\/2017\/01\/couvsdh110.jpg?fit=110%2C140\" data-large-file=\"https:\/\/i0.wp.com\/murs.fr\/wp-content\/uploads\/2017\/01\/couvsdh110.jpg?fit=110%2C140\" class=\"size-full wp-image-45 alignleft\" src=\"https:\/\/i0.wp.com\/murs.fr\/wp-content\/uploads\/2017\/01\/couvsdh110.jpg?resize=110%2C140\" alt=\"\" width=\"110\" height=\"140\"  data-recalc-dims=\"1\">Revue trimestrielle en Sciences Humaines et Sociales, apparue en 1984, publi\u00e9e par l&rsquo;association&nbsp;<strong>\u00ab\u00a0Mouvement Universel de la Responsabilit\u00e9 Scientifique\u00a0\u00bb<\/strong>.<br clear=\"none\"><br clear=\"none\">La revue rapporte les&nbsp;<strong>Conf\u00e9rences<\/strong>&nbsp;et&nbsp;<strong>Cours publics<\/strong>&nbsp;de l&rsquo;association sur le th\u00e8me de la responsabilit\u00e9 scientifique dans le&nbsp;<strong>monde moderne<\/strong>.<br clear=\"none\"><br clear=\"none\">A partir de 2022, tous les <strong>articles<\/strong>&nbsp;sont consultables en version&nbsp;<strong>pdf<\/strong> et en libre acc\u00e8s sur la page <a href=\"http:\/\/murs.fr\/?page_id=446\">\u00ab\u00a0Les Nouveaux Cahiers\u00a0\u00bb<\/a>. Les archives sont accessibles en ligne sur la page : <a href=\"https:\/\/archive-murs.projet.latmos.ipsl.fr\/\">\u00ab\u00a0Archives\u00a0\u00bb<\/a>.<\/p>\n","protected":false},"excerpt":{"rendered":"<p>Revue trimestrielle en Sciences Humaines et Sociales, apparue en 1984, publi\u00e9e par l&rsquo;association&nbsp;\u00ab\u00a0Mouvement Universel de la Responsabilit\u00e9 Scientifique\u00a0\u00bb.La revue rapporte les&nbsp;Conf\u00e9rences&nbsp;et&nbsp;Cours publics&nbsp;de l&rsquo;association sur le th\u00e8me de la responsabilit\u00e9 scientifique dans le&nbsp;monde moderne.A partir de 2022, tous les articles&nbsp;sont consultables en version&nbsp;pdf et en libre acc\u00e8s sur la page \u00ab\u00a0Les Nouveaux Cahiers\u00a0\u00bb. Les archives sont &hellip; <a href=\"http:\/\/murs.fr\/?page_id=44\" class=\"more-link\">Continuer la lecture<span class=\"screen-reader-text\"> de &laquo;&nbsp;La Revue du M.U.R.S.&nbsp;&raquo;<\/span><\/a><\/p>\n","protected":false},"author":1,"featured_media":0,"parent":0,"menu_order":0,"comment_status":"closed","ping_status":"closed","template":"","meta":{"spay_email":"","footnotes":""},"jetpack_sharing_enabled":true,"jetpack_shortlink":"https:\/\/wp.me\/P8hHEz-I","jetpack-related-posts":[{"id":504,"url":"http:\/\/murs.fr\/?page_id=504","url_meta":{"origin":44,"position":0},"title":"La Revue du MURS : Archives","date":"14 f\u00e9vrier 2022","format":false,"excerpt":"Les Cahiers du MURS : de 1984 \u00e0 2011 Science & Devenir de l'Homme - Les Cahiers du MURS, revue trimestrielle en Sciences Humaines et Sociales, est apparue en 1984, publi\u00e9e par l'association \"Mouvement Universel de la Responsabilit\u00e9 Scientifique\".De 1984 \u00e0 2011, la revue rapporte les Conf\u00e9rences\u00a0et\u00a0Cours publics\u00a0de l'association sur\u2026","rel":"","context":"Article similaire","img":{"alt_text":"","src":"","width":0,"height":0},"classes":[]},{"id":560,"url":"http:\/\/murs.fr\/?page_id=560","url_meta":{"origin":44,"position":1},"title":"Num\u00e9ro 1 :L'Homme et le Climat, 30 ann\u00e9es de recul","date":"27 juin 2022","format":false,"excerpt":"Paysage d'hiver avec patineurs et trappe aux oiseaux, Pieter Bruegel, 1565 EditorialPour la renaissance de la revue du MURS Fond\u00e9 en 1974, le Mouvement Universel de la Responsabilit\u00e9 Scientifique (MURS) reste convaincu de la pertinence du projet qui animait ses membres\u00a0fondateurs: contribuer au d\u00e9bat sur la responsabilit\u00e9 scientifique au sein\u2026","rel":"","context":"Article similaire","img":{"alt_text":"","src":"https:\/\/i2.wp.com\/murs.fr\/wp-content\/uploads\/2022\/02\/Pieter_Bruegel_d._A\u0308._093-scaled.jpg?resize=350%2C200","width":350,"height":200},"classes":[]},{"id":569,"url":"http:\/\/murs.fr\/?page_id=569","url_meta":{"origin":44,"position":2},"title":"Num\u00e9ro 2 : S'informer et communiquer  en p\u00e9riode de pand\u00e9mie","date":"15 septembre 2022","format":false,"excerpt":"Editorial Mars 2020\u00a0: du jour au lendemain, la France enti\u00e8re s\u2019est improvis\u00e9e virologue et \u00e9pid\u00e9miologiste. Du citoyen le plus r\u00e9tif aux mati\u00e8res scientifiques \u00e0 l\u2019expert le plus pointu dans son domaine, chacun est parti en qu\u00eate d\u2019informations sur le SARS-CoV-2, la Covid-19 et les solutions th\u00e9rapeutiques. Pass\u00e9 le premier effet\u2026","rel":"","context":"Article similaire","img":{"alt_text":"","src":"","width":0,"height":0},"classes":[]},{"id":14,"url":"http:\/\/murs.fr\/","url_meta":{"origin":44,"position":3},"title":"Le M.U.R.S.","date":"11 janvier 2017","format":false,"excerpt":"Le Mouvement Universel de la Responsabilit\u00e9 Scientifique est une Association loi 1901 qui a pour but d\u2019organiser des manifestations, destin\u00e9es \u00e0 la prise de conscience des probl\u00e8mes qui peuvent r\u00e9sulter pour l\u2019humanit\u00e9 du d\u00e9veloppement de la science et de ses applications. L\u2019Association organise des colloques, conf\u00e9rences, s\u00e9minaires, enqu\u00eates, \u00e9tudes et\u2026","rel":"","context":"Article similaire","img":{"alt_text":"","src":"","width":0,"height":0},"classes":[]},{"id":31,"url":"http:\/\/murs.fr\/?page_id=31","url_meta":{"origin":44,"position":4},"title":"Pr\u00e9sentation","date":"11 janvier 2017","format":false,"excerpt":"Le Mouvement Universel de la Responsabilit\u00e9 Scientifique est une Association loi 1901 qui a pour but d'organiser des manifestations, destin\u00e9es \u00e0 la prise de conscience des probl\u00e8mes qui peuvent r\u00e9sulter pour l\u2019humanit\u00e9 du d\u00e9veloppement de la science et de ses applications. L\u2019Association organise des colloques, conf\u00e9rences, s\u00e9minaires, enqu\u00eates, \u00e9tudes et\u2026","rel":"","context":"Article similaire","img":{"alt_text":"","src":"","width":0,"height":0},"classes":[]},{"id":56,"url":"http:\/\/murs.fr\/?page_id=56","url_meta":{"origin":44,"position":5},"title":"Manifeste des Mad\u00e8res","date":"4 juillet 2018","format":false,"excerpt":"Avec l\u2019acc\u00e9l\u00e9ration et la multiplication des activit\u00e9s de recherche depuis le XXe et le XXIe si\u00e8cle, la soci\u00e9t\u00e9 s\u2019interroge sur la d\u00e9marche scientifique. En effet, les sources et les m\u00e9thodes du savoir scientifique ont vari\u00e9, sont devenues plus complexes en th\u00e9orie comme en exp\u00e9rimentation. En m\u00eame temps, elles se m\u00ealent\u2026","rel":"","context":"Article similaire","img":{"alt_text":"","src":"","width":0,"height":0},"classes":[]}],"_links":{"self":[{"href":"http:\/\/murs.fr\/index.php?rest_route=\/wp\/v2\/pages\/44"}],"collection":[{"href":"http:\/\/murs.fr\/index.php?rest_route=\/wp\/v2\/pages"}],"about":[{"href":"http:\/\/murs.fr\/index.php?rest_route=\/wp\/v2\/types\/page"}],"author":[{"embeddable":true,"href":"http:\/\/murs.fr\/index.php?rest_route=\/wp\/v2\/users\/1"}],"replies":[{"embeddable":true,"href":"http:\/\/murs.fr\/index.php?rest_route=%2Fwp%2Fv2%2Fcomments&post=44"}],"version-history":[{"count":6,"href":"http:\/\/murs.fr\/index.php?rest_route=\/wp\/v2\/pages\/44\/revisions"}],"predecessor-version":[{"id":901,"href":"http:\/\/murs.fr\/index.php?rest_route=\/wp\/v2\/pages\/44\/revisions\/901"}],"wp:attachment":[{"href":"http:\/\/murs.fr\/index.php?rest_route=%2Fwp%2Fv2%2Fmedia&parent=44"}],"curies":[{"name":"wp","href":"https:\/\/api.w.org\/{rel}","templated":true}]}}