{"id":446,"date":"2022-02-05T13:25:24","date_gmt":"2022-02-05T12:25:24","guid":{"rendered":"http:\/\/murs.fr\/?page_id=446"},"modified":"2023-07-02T11:54:27","modified_gmt":"2023-07-02T09:54:27","slug":"science-et-devenir-de-lhomme-les-nouveaux-cahiers-du-murs-numero-1","status":"publish","type":"page","link":"http:\/\/murs.fr\/?page_id=446","title":{"rendered":"Science &#038; Devenir de l\u2019Homme \u2013  Les Nouveaux Cahiers du MURS"},"content":{"rendered":"\n<p><strong>Apr\u00e8s plusieurs ann\u00e9es d\u2019interruption, la revue du MURS rena\u00eet en 2022 sous le nom \u00ab\u00a0Science &amp; Devenir de l&rsquo;Homme &#8211; Les Nouveaux Cahiers du MURS\u00a0\u00bb.<\/strong><\/p>\n\n\n\n<p>Nous sommes convaincus de l\u2019utilit\u00e9 pour le d\u00e9bat public d\u2019un <strong>lieu d\u2019\u00e9change privil\u00e9giant l\u2019\u00e9crit<\/strong>, s\u2019inscrivant dans la dur\u00e9e, en prise avec les <strong>enjeux du moment<\/strong> mais d\u00e9gag\u00e9 des contraintes de l\u2019imm\u00e9diatet\u00e9.<br>Riche de son pass\u00e9, la revue revisitera \u00e9galement des articles pr\u00e9c\u00e9demment publi\u00e9s. Nous pensons en effet qu\u2019un tel travail de <strong>mise en perspective<\/strong> de r\u00e9flexions et de travaux prospectifs ant\u00e9rieurs est riche d\u2019enseignements, qu\u2019il s\u2019agisse de r\u00e9fl\u00e9chir aux probl\u00e8mes du moment ou d\u2019interroger la pertinence des pr\u00e9visions actuelles.<\/p>\n\n\n\n<p><p>Les premiers num\u00e9ros sont accessibles sur le site du MURS :<\/p>\n<p>Num\u00e9ro 1 : <a href=\"http:\/\/murs.fr\/?page_id=560\" target=\"_blank\" rel=\"noreferrer noopener\">L&rsquo;Homme et le Climat, 30 ann\u00e9es de recul<\/a><\/p>\n<p>Num\u00e9ro 2 : <a href=\"http:\/\/murs.fr\/?page_id=569\" target=\"_blank\" rel=\"noreferrer noopener\">S&rsquo;informer et Communiquer en p\u00e9riode de pand\u00e9mie<\/a><\/p>\n<p>Num\u00e9ro 3 : Expertises et Incertitudes<\/p><\/p>\n","protected":false},"excerpt":{"rendered":"<p>Apr\u00e8s plusieurs ann\u00e9es d\u2019interruption, la revue du MURS rena\u00eet en 2022 sous le nom \u00ab\u00a0Science &amp; Devenir de l&rsquo;Homme &#8211; Les Nouveaux Cahiers du MURS\u00a0\u00bb. Nous sommes convaincus de l\u2019utilit\u00e9 pour le d\u00e9bat public d\u2019un lieu d\u2019\u00e9change privil\u00e9giant l\u2019\u00e9crit, s\u2019inscrivant dans la dur\u00e9e, en prise avec les enjeux du moment mais d\u00e9gag\u00e9 des contraintes de &hellip; <a href=\"http:\/\/murs.fr\/?page_id=446\" class=\"more-link\">Continuer la lecture<span class=\"screen-reader-text\"> de &laquo;&nbsp;Science &#038; Devenir de l\u2019Homme \u2013  Les Nouveaux Cahiers du MURS&nbsp;&raquo;<\/span><\/a><\/p>\n","protected":false},"author":1,"featured_media":0,"parent":44,"menu_order":1,"comment_status":"closed","ping_status":"closed","template":"","meta":{"spay_email":"","footnotes":""},"jetpack_sharing_enabled":true,"jetpack_shortlink":"https:\/\/wp.me\/P8hHEz-7c","jetpack-related-posts":[{"id":560,"url":"http:\/\/murs.fr\/?page_id=560","url_meta":{"origin":446,"position":0},"title":"Num\u00e9ro 1 :L'Homme et le Climat, 30 ann\u00e9es de recul","date":"27 juin 2022","format":false,"excerpt":"Paysage d'hiver avec patineurs et trappe aux oiseaux, Pieter Bruegel, 1565 EditorialPour la renaissance de la revue du MURS Fond\u00e9 en 1974, le Mouvement Universel de la Responsabilit\u00e9 Scientifique (MURS) reste convaincu de la pertinence du projet qui animait ses membres\u00a0fondateurs: contribuer au d\u00e9bat sur la responsabilit\u00e9 scientifique au sein\u2026","rel":"","context":"Article similaire","img":{"alt_text":"","src":"https:\/\/i2.wp.com\/murs.fr\/wp-content\/uploads\/2022\/02\/Pieter_Bruegel_d._A\u0308._093-scaled.jpg?resize=350%2C200","width":350,"height":200},"classes":[]},{"id":504,"url":"http:\/\/murs.fr\/?page_id=504","url_meta":{"origin":446,"position":1},"title":"La Revue du MURS : Archives","date":"14 f\u00e9vrier 2022","format":false,"excerpt":"Les Cahiers du MURS : de 1984 \u00e0 2011 Science & Devenir de l'Homme - Les Cahiers du MURS, revue trimestrielle en Sciences Humaines et Sociales, est apparue en 1984, publi\u00e9e par l'association \"Mouvement Universel de la Responsabilit\u00e9 Scientifique\".De 1984 \u00e0 2011, la revue rapporte les Conf\u00e9rences\u00a0et\u00a0Cours publics\u00a0de l'association sur\u2026","rel":"","context":"Article similaire","img":{"alt_text":"","src":"","width":0,"height":0},"classes":[]},{"id":14,"url":"http:\/\/murs.fr\/","url_meta":{"origin":446,"position":2},"title":"Le M.U.R.S.","date":"11 janvier 2017","format":false,"excerpt":"Le Mouvement Universel de la Responsabilit\u00e9 Scientifique est une Association loi 1901 qui a pour but d\u2019organiser des manifestations, destin\u00e9es \u00e0 la prise de conscience des probl\u00e8mes qui peuvent r\u00e9sulter pour l\u2019humanit\u00e9 du d\u00e9veloppement de la science et de ses applications. L\u2019Association organise des colloques, conf\u00e9rences, s\u00e9minaires, enqu\u00eates, \u00e9tudes et\u2026","rel":"","context":"Article similaire","img":{"alt_text":"","src":"","width":0,"height":0},"classes":[]},{"id":569,"url":"http:\/\/murs.fr\/?page_id=569","url_meta":{"origin":446,"position":3},"title":"Num\u00e9ro 2 : S'informer et communiquer  en p\u00e9riode de pand\u00e9mie","date":"15 septembre 2022","format":false,"excerpt":"Editorial Mars 2020\u00a0: du jour au lendemain, la France enti\u00e8re s\u2019est improvis\u00e9e virologue et \u00e9pid\u00e9miologiste. Du citoyen le plus r\u00e9tif aux mati\u00e8res scientifiques \u00e0 l\u2019expert le plus pointu dans son domaine, chacun est parti en qu\u00eate d\u2019informations sur le SARS-CoV-2, la Covid-19 et les solutions th\u00e9rapeutiques. Pass\u00e9 le premier effet\u2026","rel":"","context":"Article similaire","img":{"alt_text":"","src":"","width":0,"height":0},"classes":[]},{"id":31,"url":"http:\/\/murs.fr\/?page_id=31","url_meta":{"origin":446,"position":4},"title":"Pr\u00e9sentation","date":"11 janvier 2017","format":false,"excerpt":"Le Mouvement Universel de la Responsabilit\u00e9 Scientifique est une Association loi 1901 qui a pour but d'organiser des manifestations, destin\u00e9es \u00e0 la prise de conscience des probl\u00e8mes qui peuvent r\u00e9sulter pour l\u2019humanit\u00e9 du d\u00e9veloppement de la science et de ses applications. L\u2019Association organise des colloques, conf\u00e9rences, s\u00e9minaires, enqu\u00eates, \u00e9tudes et\u2026","rel":"","context":"Article similaire","img":{"alt_text":"","src":"","width":0,"height":0},"classes":[]},{"id":44,"url":"http:\/\/murs.fr\/?page_id=44","url_meta":{"origin":446,"position":5},"title":"La Revue du M.U.R.S.","date":"11 janvier 2017","format":false,"excerpt":"Revue trimestrielle en Sciences Humaines et Sociales, apparue en 1984, publi\u00e9e par l'association\u00a0\"Mouvement Universel de la Responsabilit\u00e9 Scientifique\".La revue rapporte les\u00a0Conf\u00e9rences\u00a0et\u00a0Cours publics\u00a0de l'association sur le th\u00e8me de la responsabilit\u00e9 scientifique dans le\u00a0monde moderne.A partir de 2022, tous les articles\u00a0sont consultables en version\u00a0pdf et en libre acc\u00e8s sur la page \"Les\u2026","rel":"","context":"Article similaire","img":{"alt_text":"","src":"","width":0,"height":0},"classes":[]}],"_links":{"self":[{"href":"http:\/\/murs.fr\/index.php?rest_route=\/wp\/v2\/pages\/446"}],"collection":[{"href":"http:\/\/murs.fr\/index.php?rest_route=\/wp\/v2\/pages"}],"about":[{"href":"http:\/\/murs.fr\/index.php?rest_route=\/wp\/v2\/types\/page"}],"author":[{"embeddable":true,"href":"http:\/\/murs.fr\/index.php?rest_route=\/wp\/v2\/users\/1"}],"replies":[{"embeddable":true,"href":"http:\/\/murs.fr\/index.php?rest_route=%2Fwp%2Fv2%2Fcomments&post=446"}],"version-history":[{"count":35,"href":"http:\/\/murs.fr\/index.php?rest_route=\/wp\/v2\/pages\/446\/revisions"}],"predecessor-version":[{"id":897,"href":"http:\/\/murs.fr\/index.php?rest_route=\/wp\/v2\/pages\/446\/revisions\/897"}],"up":[{"embeddable":true,"href":"http:\/\/murs.fr\/index.php?rest_route=\/wp\/v2\/pages\/44"}],"wp:attachment":[{"href":"http:\/\/murs.fr\/index.php?rest_route=%2Fwp%2Fv2%2Fmedia&parent=446"}],"curies":[{"name":"wp","href":"https:\/\/api.w.org\/{rel}","templated":true}]}}