{"id":560,"date":"2022-06-27T12:27:49","date_gmt":"2022-06-27T10:27:49","guid":{"rendered":"http:\/\/murs.fr\/?page_id=560"},"modified":"2022-07-20T18:04:59","modified_gmt":"2022-07-20T16:04:59","slug":"numero-1-lhomme-et-le-climat-30-annees-de-recul","status":"publish","type":"page","link":"http:\/\/murs.fr\/?page_id=560","title":{"rendered":"Num\u00e9ro 1 :<br>L&rsquo;Homme et le Climat, 30 ann\u00e9es de recul"},"content":{"rendered":"<div class=\"wp-block-image\">\n<figure class=\"aligncenter size-large is-resized\"><img loading=\"lazy\" decoding=\"async\" data-attachment-id=\"474\" data-permalink=\"http:\/\/murs.fr\/?attachment_id=474\" data-orig-file=\"https:\/\/i2.wp.com\/murs.fr\/wp-content\/uploads\/2022\/02\/Pieter_Bruegel_d._A\u0308._093-scaled.jpg?fit=2560%2C1698\" data-orig-size=\"2560,1698\" data-comments-opened=\"1\" data-image-meta=\"{&quot;aperture&quot;:&quot;0&quot;,&quot;credit&quot;:&quot;&quot;,&quot;camera&quot;:&quot;&quot;,&quot;caption&quot;:&quot;&quot;,&quot;created_timestamp&quot;:&quot;0&quot;,&quot;copyright&quot;:&quot;&quot;,&quot;focal_length&quot;:&quot;0&quot;,&quot;iso&quot;:&quot;0&quot;,&quot;shutter_speed&quot;:&quot;0&quot;,&quot;title&quot;:&quot;&quot;,&quot;orientation&quot;:&quot;0&quot;}\" data-image-title=\"Pieter_Bruegel_d._A\u0308._093\" data-image-description=\"\" data-medium-file=\"https:\/\/i2.wp.com\/murs.fr\/wp-content\/uploads\/2022\/02\/Pieter_Bruegel_d._A\u0308._093-scaled.jpg?fit=300%2C199\" data-large-file=\"https:\/\/i2.wp.com\/murs.fr\/wp-content\/uploads\/2022\/02\/Pieter_Bruegel_d._A\u0308._093-scaled.jpg?fit=840%2C557\" src=\"https:\/\/i2.wp.com\/murs.fr\/wp-content\/uploads\/2022\/02\/Pieter_Bruegel_d._A\u0308._093.jpg?resize=506%2C334\" alt=\"\" class=\"wp-image-474\" width=\"506\" height=\"334\" srcset=\"https:\/\/i2.wp.com\/murs.fr\/wp-content\/uploads\/2022\/02\/Pieter_Bruegel_d._A\u0308._093-scaled.jpg?resize=300%2C199 300w, https:\/\/i2.wp.com\/murs.fr\/wp-content\/uploads\/2022\/02\/Pieter_Bruegel_d._A\u0308._093-scaled.jpg?zoom=2&amp;resize=506%2C334 1012w, https:\/\/i2.wp.com\/murs.fr\/wp-content\/uploads\/2022\/02\/Pieter_Bruegel_d._A\u0308._093-scaled.jpg?zoom=3&amp;resize=506%2C334 1518w\" sizes=\"(max-width: 506px) 85vw, 506px\" data-recalc-dims=\"1\" \/><figcaption>Paysage d&rsquo;hiver avec patineurs et trappe aux oiseaux, Pieter Bruegel, 1565<\/figcaption><\/figure><\/div>\n\n\n<h2 class=\"wp-block-heading\"><strong>Editorial<\/strong><br><strong>Pour la renaissance de la revue du MURS<\/strong><\/h2>\n\n\n<p align=\"justify\">Fond\u00e9 en 1974, le Mouvement Universel de la Responsabilit\u00e9 Scientifique (MURS) reste convaincu de la pertinence du projet qui animait ses membres&nbsp;fondateurs: contribuer au d\u00e9bat sur la responsabilit\u00e9 scientifique au sein de soci\u00e9t\u00e9s qui s&rsquo;interrogent l\u00e9gitimement sur la d\u00e9marche scientifique, et sur ses cons\u00e9quences. C\u2019est ce que rappelle le manifeste des Mad\u00e8res du MURS, publi\u00e9 dans ce nouveau num\u00e9ro de notre revue, \u00ab&nbsp;Sciences &amp; Devenir de l\u2019Homme&nbsp;\u00bb.<\/p>\n<p align=\"justify\">Apr\u00e8s plusieurs ann\u00e9es d\u2019interruption, cette nouvelle publication constitue une renaissance. Nous sommes convaincus de l\u2019utilit\u00e9 pour le d\u00e9bat public d\u2019un lieu d\u2019\u00e9change privil\u00e9giant l\u2019\u00e9crit, s\u2019inscrivant dans la dur\u00e9e, en prise avec les enjeux du moment mais d\u00e9gag\u00e9 des contraintes de l\u2019imm\u00e9diatet\u00e9. Les nouveaux auteurs motiv\u00e9s par notre approche seront les bienvenus.<\/p>\n<p align=\"justify\">Riche de son pass\u00e9, la revue revisitera \u00e9galement&nbsp; des articles pr\u00e9c\u00e9demment publi\u00e9s. Nous pensons en effet qu\u2019un tel travail de mise en perspective de r\u00e9flexions et de travaux prospectifs ant\u00e9rieurs est riche d\u2019enseignements, qu\u2019il s\u2019agisse de r\u00e9fl\u00e9chir aux probl\u00e8mes du moment ou d\u2019interroger la pertinence des pr\u00e9visions actuelles.<\/p>\n<p align=\"justify\">Ce nouveau num\u00e9ro s\u2019articule autour des relations entre les hommes et leur environnement. Il fait \u00e9cho \u00e0 un <a href=\"http:\/\/documents.irevues.inist.fr\/handle\/2042\/6639\" target=\"_blank\" rel=\"noreferrer noopener\">num\u00e9ro sp\u00e9cial <\/a>de la revue du MURS intitul\u00e9 \u00ab&nbsp;L\u2019environnement atmosph\u00e9rique \u00e0 la merci de l\u2019homme&nbsp;\u00bb.&nbsp; Publi\u00e9 en 1991, ce num\u00e9ro \u00e9tait le fruit du travail des conf\u00e9renciers du groupe de r\u00e9flexion \u00ab&nbsp;Environnement atmosph\u00e9rique et devenir de l\u2019Homme&nbsp;\u00bb constitu\u00e9 au sein du MURS sous l\u2019impulsion de Jean Dausset.<\/p>\n<p align=\"justify\">Aujourd\u2019hui Jean Jouzel apporte son t\u00e9moignage sur la responsabilit\u00e9 de sa communaut\u00e9 scientifique face \u00e0 l\u2019\u00e9volution en cours du climat, en compl\u00e9ment d\u2019un article de Jean-Claude Duplessy sur la variabilit\u00e9 et l\u2019histoire \u00e0 long terme du climat, publi\u00e9 en 1991 dans le num\u00e9ro sp\u00e9cial de la revue du MURS.<\/p>\n<p align=\"justify\">Pour leur part, Laurent Degos et Fran\u00e7ois Ravetta interrogent la relation entre les hommes et leur plan\u00e8te, sous l\u2019angle de la sant\u00e9 de la Terre, une approche retenue par Andr\u00e9 Berger dans un article publi\u00e9 en 1990 dans la \u00ab&nbsp;Revue des Questions Scientifiques&nbsp;\u00bb, puis repris en 1991 dans la revue du MURS.<\/p>\n<p align=\"justify\">Bonne lecture&nbsp;!<\/p>\n<p><!-- \/wp:paragraph --><\/p>\n<p>T\u00e9l\u00e9charger le num\u00e9ro complet<a href=\"http:\/\/murs.fr\/wp-content\/uploads\/2022\/03\/Nouveaux_Cahiers_MURS_2022_n1_compressed.pdf\" target=\"_blank\" rel=\"noopener\"><br><img loading=\"lazy\" decoding=\"async\" data-attachment-id=\"529\" data-permalink=\"http:\/\/murs.fr\/?attachment_id=529\" data-orig-file=\"https:\/\/i1.wp.com\/murs.fr\/wp-content\/uploads\/2022\/03\/Image_Revue_MURS.png?fit=912%2C1290\" data-orig-size=\"912,1290\" data-comments-opened=\"1\" data-image-meta=\"{&quot;aperture&quot;:&quot;0&quot;,&quot;credit&quot;:&quot;&quot;,&quot;camera&quot;:&quot;&quot;,&quot;caption&quot;:&quot;&quot;,&quot;created_timestamp&quot;:&quot;0&quot;,&quot;copyright&quot;:&quot;&quot;,&quot;focal_length&quot;:&quot;0&quot;,&quot;iso&quot;:&quot;0&quot;,&quot;shutter_speed&quot;:&quot;0&quot;,&quot;title&quot;:&quot;&quot;,&quot;orientation&quot;:&quot;0&quot;}\" data-image-title=\"Image_Revue_MURS\" data-image-description=\"\" data-medium-file=\"https:\/\/i1.wp.com\/murs.fr\/wp-content\/uploads\/2022\/03\/Image_Revue_MURS.png?fit=212%2C300\" data-large-file=\"https:\/\/i1.wp.com\/murs.fr\/wp-content\/uploads\/2022\/03\/Image_Revue_MURS.png?fit=724%2C1024\" class=\"wp-image-529 alignleft\" src=\"https:\/\/i1.wp.com\/murs.fr\/wp-content\/uploads\/2022\/03\/Image_Revue_MURS.png?resize=112%2C158\" alt=\"\" width=\"112\" height=\"158\" srcset=\"https:\/\/i1.wp.com\/murs.fr\/wp-content\/uploads\/2022\/03\/Image_Revue_MURS.png?resize=212%2C300 212w, https:\/\/i1.wp.com\/murs.fr\/wp-content\/uploads\/2022\/03\/Image_Revue_MURS.png?resize=724%2C1024 724w, https:\/\/i1.wp.com\/murs.fr\/wp-content\/uploads\/2022\/03\/Image_Revue_MURS.png?resize=768%2C1086 768w, https:\/\/i1.wp.com\/murs.fr\/wp-content\/uploads\/2022\/03\/Image_Revue_MURS.png?w=912 912w\" sizes=\"(max-width: 112px) 85vw, 112px\" data-recalc-dims=\"1\" \/><\/a><\/p>\n<p><!-- wp:heading {\"style\":{\"typography\":{\"fontSize\":\"28px\"}}} --><\/p>\n<h2 id=\"sommaire-du-numero-1\" style=\"font-size:28px\"><strong>Sommaire<\/strong> du num\u00e9ro 1<\/h2>\n<p><!-- \/wp:heading --><\/p>\n<p><!-- wp:paragraph --><\/p>\n<p>1- Editorial <br>2- <a rel=\"noreferrer noopener\" href=\"http:\/\/murs.fr\/?page_id=56\" target=\"_blank\">Manifeste des Mad\u00e8res<\/a> (<a href=\"http:\/\/murs.fr\/wp-content\/uploads\/2022\/03\/MURS_Manifeste_des_Maderes_mars2022.pdf\" target=\"_blank\" rel=\"noreferrer noopener\">t\u00e9l\u00e9chargement pdf<\/a>)<br>3- <a href=\"http:\/\/murs.fr\/?p=471\">Variabilit\u00e9 et histoire \u00e0 long terme du climat, Jean-Claude Duplessy<\/a>, republication (<a href=\"http:\/\/murs.fr\/wp-content\/uploads\/2022\/03\/MURS_Duplessy_Re-edition_mars2022.pdf\">t\u00e9l\u00e9chargement pdf<\/a>)<br>4- <a href=\"http:\/\/murs.fr\/?p=407\">Evolution du climat : un t\u00e9moignage sur la responsabilit\u00e9 de notre communaut\u00e9 scientifique, par Jean Jouzel<\/a> (<a href=\"http:\/\/murs.fr\/wp-content\/uploads\/2022\/03\/MURS_Jouzel_mars2022.pdf\" target=\"_blank\" rel=\"noreferrer noopener\">t\u00e9l\u00e9chargement pdf<\/a>)<br>5- <a href=\"http:\/\/murs.fr\/?p=476\">La Sant\u00e9 de la Terre, un d\u00e9fi aux universit\u00e9s, Andr\u00e9 Berger<\/a>, republication (<a href=\"http:\/\/murs.fr\/wp-content\/uploads\/2022\/03\/MURS_Berger_Re-edition_mars2022.pdf\" target=\"_blank\" rel=\"noreferrer noopener\">t\u00e9l\u00e9chargement pdf<\/a>)<br>6- <a href=\"http:\/\/murs.fr\/?p=402\">Une Terre malade de ses hommes ?, Laurent Degos &amp; Fran\u00e7ois Ravetta<\/a> (<a href=\"http:\/\/murs.fr\/wp-content\/uploads\/2022\/03\/MURS_Degos_Ravetta_mars2022.pdf\" target=\"_blank\" rel=\"noreferrer noopener\">t\u00e9l\u00e9chargement pdf<\/a>)<\/p>\n<p><!-- \/wp:paragraph --><\/p>\n<p><!-- wp:paragraph --><\/p>\n<p><!-- \/wp:paragraph --><\/p>","protected":false},"excerpt":{"rendered":"<p>EditorialPour la renaissance de la revue du MURS Fond\u00e9 en 1974, le Mouvement Universel de la Responsabilit\u00e9 Scientifique (MURS) reste convaincu de la pertinence du projet qui animait ses membres&nbsp;fondateurs: contribuer au d\u00e9bat sur la responsabilit\u00e9 scientifique au sein de soci\u00e9t\u00e9s qui s&rsquo;interrogent l\u00e9gitimement sur la d\u00e9marche scientifique, et sur ses cons\u00e9quences. C\u2019est ce que &hellip; <a href=\"http:\/\/murs.fr\/?page_id=560\" class=\"more-link\">Continuer la lecture<span class=\"screen-reader-text\"> de &laquo;&nbsp;Num\u00e9ro 1 :<br \/>L&rsquo;Homme et le Climat, 30 ann\u00e9es de recul&nbsp;&raquo;<\/span><\/a><\/p>\n","protected":false},"author":9,"featured_media":0,"parent":446,"menu_order":1,"comment_status":"closed","ping_status":"closed","template":"","meta":{"spay_email":"","footnotes":""},"jetpack_sharing_enabled":true,"jetpack_shortlink":"https:\/\/wp.me\/P8hHEz-92","jetpack-related-posts":[{"id":504,"url":"http:\/\/murs.fr\/?page_id=504","url_meta":{"origin":560,"position":0},"title":"La Revue du MURS : Archives","date":"14 f\u00e9vrier 2022","format":false,"excerpt":"Les Cahiers du MURS : de 1984 \u00e0 2011 Science & Devenir de l'Homme - Les Cahiers du MURS, revue trimestrielle en Sciences Humaines et Sociales, est apparue en 1984, publi\u00e9e par l'association \"Mouvement Universel de la Responsabilit\u00e9 Scientifique\".De 1984 \u00e0 2011, la revue rapporte les Conf\u00e9rences\u00a0et\u00a0Cours publics\u00a0de l'association sur\u2026","rel":"","context":"Article similaire","img":{"alt_text":"","src":"","width":0,"height":0},"classes":[]},{"id":569,"url":"http:\/\/murs.fr\/?page_id=569","url_meta":{"origin":560,"position":1},"title":"Num\u00e9ro 2 : S'informer et communiquer  en p\u00e9riode de pand\u00e9mie","date":"15 septembre 2022","format":false,"excerpt":"Editorial Mars 2020\u00a0: du jour au lendemain, la France enti\u00e8re s\u2019est improvis\u00e9e virologue et \u00e9pid\u00e9miologiste. Du citoyen le plus r\u00e9tif aux mati\u00e8res scientifiques \u00e0 l\u2019expert le plus pointu dans son domaine, chacun est parti en qu\u00eate d\u2019informations sur le SARS-CoV-2, la Covid-19 et les solutions th\u00e9rapeutiques. Pass\u00e9 le premier effet\u2026","rel":"","context":"Article similaire","img":{"alt_text":"","src":"","width":0,"height":0},"classes":[]},{"id":56,"url":"http:\/\/murs.fr\/?page_id=56","url_meta":{"origin":560,"position":2},"title":"Manifeste des Mad\u00e8res","date":"4 juillet 2018","format":false,"excerpt":"Avec l\u2019acc\u00e9l\u00e9ration et la multiplication des activit\u00e9s de recherche depuis le XXe et le XXIe si\u00e8cle, la soci\u00e9t\u00e9 s\u2019interroge sur la d\u00e9marche scientifique. En effet, les sources et les m\u00e9thodes du savoir scientifique ont vari\u00e9, sont devenues plus complexes en th\u00e9orie comme en exp\u00e9rimentation. En m\u00eame temps, elles se m\u00ealent\u2026","rel":"","context":"Article similaire","img":{"alt_text":"","src":"","width":0,"height":0},"classes":[]},{"id":44,"url":"http:\/\/murs.fr\/?page_id=44","url_meta":{"origin":560,"position":3},"title":"La Revue du M.U.R.S.","date":"11 janvier 2017","format":false,"excerpt":"Revue trimestrielle en Sciences Humaines et Sociales, apparue en 1984, publi\u00e9e par l'association\u00a0\"Mouvement Universel de la Responsabilit\u00e9 Scientifique\".La revue rapporte les\u00a0Conf\u00e9rences\u00a0et\u00a0Cours publics\u00a0de l'association sur le th\u00e8me de la responsabilit\u00e9 scientifique dans le\u00a0monde moderne.A partir de 2022, tous les articles\u00a0sont consultables en version\u00a0pdf et en libre acc\u00e8s sur la page \"Les\u2026","rel":"","context":"Article similaire","img":{"alt_text":"","src":"","width":0,"height":0},"classes":[]},{"id":31,"url":"http:\/\/murs.fr\/?page_id=31","url_meta":{"origin":560,"position":4},"title":"Pr\u00e9sentation","date":"11 janvier 2017","format":false,"excerpt":"Le Mouvement Universel de la Responsabilit\u00e9 Scientifique est une Association loi 1901 qui a pour but d'organiser des manifestations, destin\u00e9es \u00e0 la prise de conscience des probl\u00e8mes qui peuvent r\u00e9sulter pour l\u2019humanit\u00e9 du d\u00e9veloppement de la science et de ses applications. L\u2019Association organise des colloques, conf\u00e9rences, s\u00e9minaires, enqu\u00eates, \u00e9tudes et\u2026","rel":"","context":"Article similaire","img":{"alt_text":"","src":"","width":0,"height":0},"classes":[]},{"id":14,"url":"http:\/\/murs.fr\/","url_meta":{"origin":560,"position":5},"title":"Le M.U.R.S.","date":"11 janvier 2017","format":false,"excerpt":"Le Mouvement Universel de la Responsabilit\u00e9 Scientifique est une Association loi 1901 qui a pour but d\u2019organiser des manifestations, destin\u00e9es \u00e0 la prise de conscience des probl\u00e8mes qui peuvent r\u00e9sulter pour l\u2019humanit\u00e9 du d\u00e9veloppement de la science et de ses applications. L\u2019Association organise des colloques, conf\u00e9rences, s\u00e9minaires, enqu\u00eates, \u00e9tudes et\u2026","rel":"","context":"Article similaire","img":{"alt_text":"","src":"","width":0,"height":0},"classes":[]}],"_links":{"self":[{"href":"http:\/\/murs.fr\/index.php?rest_route=\/wp\/v2\/pages\/560"}],"collection":[{"href":"http:\/\/murs.fr\/index.php?rest_route=\/wp\/v2\/pages"}],"about":[{"href":"http:\/\/murs.fr\/index.php?rest_route=\/wp\/v2\/types\/page"}],"author":[{"embeddable":true,"href":"http:\/\/murs.fr\/index.php?rest_route=\/wp\/v2\/users\/9"}],"replies":[{"embeddable":true,"href":"http:\/\/murs.fr\/index.php?rest_route=%2Fwp%2Fv2%2Fcomments&post=560"}],"version-history":[{"count":4,"href":"http:\/\/murs.fr\/index.php?rest_route=\/wp\/v2\/pages\/560\/revisions"}],"predecessor-version":[{"id":896,"href":"http:\/\/murs.fr\/index.php?rest_route=\/wp\/v2\/pages\/560\/revisions\/896"}],"up":[{"embeddable":true,"href":"http:\/\/murs.fr\/index.php?rest_route=\/wp\/v2\/pages\/446"}],"wp:attachment":[{"href":"http:\/\/murs.fr\/index.php?rest_route=%2Fwp%2Fv2%2Fmedia&parent=560"}],"curies":[{"name":"wp","href":"https:\/\/api.w.org\/{rel}","templated":true}]}}