{"id":569,"date":"2022-09-15T16:46:36","date_gmt":"2022-09-15T14:46:36","guid":{"rendered":"http:\/\/murs.fr\/?page_id=569"},"modified":"2022-09-16T16:42:34","modified_gmt":"2022-09-16T14:42:34","slug":"numero-2-informer-et-communiquer-en-periode-de-pandemie","status":"publish","type":"page","link":"http:\/\/murs.fr\/?page_id=569","title":{"rendered":"Num\u00e9ro 2 : S&rsquo;informer et communiquer  en p\u00e9riode de pand\u00e9mie"},"content":{"rendered":"\n<h2 class=\"wp-block-heading\">Editorial<\/h2>\n\n\n<p align=\"justify\">Mars 2020&nbsp;: du jour au lendemain, la France enti\u00e8re s\u2019est improvis\u00e9e virologue et \u00e9pid\u00e9miologiste. Du citoyen le plus r\u00e9tif aux mati\u00e8res scientifiques \u00e0 l\u2019expert le plus pointu dans son domaine, chacun est parti en qu\u00eate d\u2019informations sur le SARS-CoV-2, la Covid-19 et les solutions th\u00e9rapeutiques. Pass\u00e9 le premier effet de sid\u00e9ration, la place publique s\u2019est transform\u00e9e en ar\u00e8ne de d\u00e9bat autour des mesures sanitaires&nbsp;: fiabilit\u00e9 des tests antig\u00e9niques, s\u00e9curit\u00e9 des vaccins \u00e0 ARN messager, hygi\u00e8ne des lieux publics. La communaut\u00e9 scientifique, mobilis\u00e9e pour comprendre cette \u00e9pid\u00e9mie et proposer des rem\u00e8des, a \u00e9t\u00e9 au m\u00eame moment saisie par la n\u00e9cessit\u00e9 de transmettre au plus vite les connaissances les plus r\u00e9centes&nbsp;: aux d\u00e9cideurs, pour \u00e9clairer leur strat\u00e9gie de r\u00e9ponse \u00e0 la crise, \u00e0 la population g\u00e9n\u00e9rale, dont la vie quotidienne se trouvait boulevers\u00e9e par les \u00e9v\u00e9nements.<\/p>\n<p align=\"justify\">Quelles le\u00e7ons tirer de cet exercice de communication en p\u00e9riode de pand\u00e9mie&nbsp;? Comment communiquer sur la science en cours&nbsp;? Quel r\u00f4le la communaut\u00e9 scientifique doit-elle et peut-elle jouer dans ce processus ? A la faveur d\u2019une accalmie, les Cahiers du MURS s\u2019interrogent sur la responsabilit\u00e9 scientifique durant la crise, sous l\u2019angle de cet enjeu de communication&nbsp;: (s\u2019) informer et communiquer non seulement au sein de la communaut\u00e9 scientifique, mais aussi aupr\u00e8s des d\u00e9cideurs et vers le grand public.<\/p>\n<p align=\"justify\">Sur le plan de la recherche scientifique, la pand\u00e9mie de Covid-19 a \u00e9t\u00e9 marqu\u00e9e par la publication d\u2019articles dans des proportions et \u00e0 une cadence exceptionnelles, mettant au d\u00e9fi experts et relais m\u00e9diatiques de s\u00e9parer le bon grain de l\u2019ivraie&nbsp;: Pierre Corvol analyse ce processus de tamisage. La d\u00e9mat\u00e9rialisation des revues scientifiques a \u00e9galement favoris\u00e9 la profusion de publications. Ce tournant num\u00e9rique affecte-t-il la circulation des informations au sein et au-del\u00e0 de la communaut\u00e9 scientifique&nbsp;? C\u2019est ce que Jean-Gabriel Ganascia discute \u00e0 l\u2019aune de la th\u00e9orie de la communication. En compl\u00e9ment, Patrice Debr\u00e9 analyse dans quelle mesure cette surabondance d\u2019information, cette \u00ab&nbsp;infod\u00e9mie&nbsp;\u00bb, a contribu\u00e9 au ph\u00e9nom\u00e8ne d\u2019h\u00e9sitation vaccinale et entrav\u00e9 la strat\u00e9gie sanitaire du gouvernement. Pour \u00e9clairer et justifier sa strat\u00e9gie dans un contexte d\u2019incertitude, celui-ci a missionn\u00e9 un groupe d\u2019experts. Dans son t\u00e9moignage, Jean-Fran\u00e7ois Delfraissy partage avec nous ses r\u00e9flexions sur sa responsabilit\u00e9 scientifique en tant que Pr\u00e9sident du Conseil scientifique Covid-19.<\/p>\n<p align=\"justify\">Bonne lecture&nbsp;!<\/p>\n<p><!-- \/wp:paragraph --><\/p>\n<p><a href=\"http:\/\/murs.fr\/wp-content\/uploads\/2022\/09\/MURS_2022_N2_complet.pdf\" target=\"_blank\" rel=\"noopener\">T\u00e9l\u00e9charger le num\u00e9ro complet<br><img loading=\"lazy\" decoding=\"async\" data-attachment-id=\"529\" data-permalink=\"http:\/\/murs.fr\/?attachment_id=529\" data-orig-file=\"https:\/\/i1.wp.com\/murs.fr\/wp-content\/uploads\/2022\/03\/Image_Revue_MURS.png?fit=912%2C1290\" data-orig-size=\"912,1290\" data-comments-opened=\"1\" data-image-meta=\"{&quot;aperture&quot;:&quot;0&quot;,&quot;credit&quot;:&quot;&quot;,&quot;camera&quot;:&quot;&quot;,&quot;caption&quot;:&quot;&quot;,&quot;created_timestamp&quot;:&quot;0&quot;,&quot;copyright&quot;:&quot;&quot;,&quot;focal_length&quot;:&quot;0&quot;,&quot;iso&quot;:&quot;0&quot;,&quot;shutter_speed&quot;:&quot;0&quot;,&quot;title&quot;:&quot;&quot;,&quot;orientation&quot;:&quot;0&quot;}\" data-image-title=\"Image_Revue_MURS\" data-image-description=\"\" data-medium-file=\"https:\/\/i1.wp.com\/murs.fr\/wp-content\/uploads\/2022\/03\/Image_Revue_MURS.png?fit=212%2C300\" data-large-file=\"https:\/\/i1.wp.com\/murs.fr\/wp-content\/uploads\/2022\/03\/Image_Revue_MURS.png?fit=724%2C1024\" class=\"wp-image-529 alignleft\" src=\"https:\/\/i2.wp.com\/murs.fr\/wp-content\/uploads\/2022\/09\/MURS_N2_une_image.png?resize=112%2C158\" alt=\"\" width=\"112\" height=\"158\"  data-recalc-dims=\"1\"><\/a><\/p>\n<p><!-- wp:heading --><\/p>\n<h2>Sommaire du num\u00e9ro 2<\/h2>\n<p><!-- \/wp:heading --><\/p>\n<p><!-- wp:paragraph --><\/p>\n<p>1- Editorial<\/p>\n<p>2- L&rsquo;Envol\u00e9e des publications scientifiques en temps de Covid-19 &#8211; S\u00e9parer le bon grain de l&rsquo;ivraie, <i>par Pierre Corvol<\/i><br><a href=\"http:\/\/murs.fr\/?p=555\" target=\"_blank\" rel=\"noreferrer noopener\">en ligne<\/a>, <a href=\"http:\/\/murs.fr\/wp-content\/uploads\/2022\/06\/MURS_N2_Corvol.pdf\" target=\"_blank\" rel=\"noreferrer noopener\"> en pdf<\/a><\/p>\n<p>3- Vacciner en p\u00e9riode de pand\u00e9mie : Convaincre ou contraindre ?, <i>par Patrice Debr\u00e9<\/i><br><a href=\"http:\/\/murs.fr\/?p=574\" target=\"_blank\" rel=\"noreferrer noopener\">en ligne<\/a>, <a href=\"http:\/\/murs.fr\/wp-content\/uploads\/2022\/07\/MURS_n2_Debre_PDF.pdf\" target=\"_blank\" rel=\"noreferrer noopener\">en pdf<\/a><\/p>\n<p>4- D\u00e9rives de la communication scientifique en temps de crise et \u00e0 l&rsquo;\u00e8re du num\u00e9rique, <i>par Jean-Gabriel Ganascia<\/i><br><a href=\"http:\/\/murs.fr\/?p=602\" target=\"_blank\" rel=\"noreferrer noopener\">en ligne<\/a>, <a href=\"http:\/\/murs.fr\/wp-content\/uploads\/2022\/07\/MURS_N2_Ganascia.pdf\" target=\"_blank\" rel=\"noreferrer noopener\">en pdf<\/a><\/p>\n<p>5- Conseiller le gouvernement dans un \u00ab\u00a0climat d&rsquo;incertitude\u00a0\u00bb, <i>entretien avec Jean-Fran\u00e7ois Delfraissy<\/i><br><a href=\"http:\/\/murs.fr\/?p=589\" target=\"_blank\" rel=\"noreferrer noopener\">en ligne<\/a>, <a href=\"http:\/\/murs.fr\/wp-content\/uploads\/2022\/07\/MURS_N2_Delfraissy.pdf\" target=\"_blank\" rel=\"noreferrer noopener\">en pdf<\/a><\/p>\n<p>6- Encadr\u00e9 : De l&rsquo;innovation \u00e0 son test d&rsquo;efficacit\u00e9 &#8211; La naissance du consentement \u00e9clair\u00e9, <i>par Patrice Debr\u00e9<\/i><br><a href=\"http:\/\/murs.fr\/?p=623\" target=\"_blank\" rel=\"noreferrer noopener\">en ligne<\/a>, <a href=\"http:\/\/murs.fr\/wp-content\/uploads\/2022\/07\/MURS_N2_Debre_ConsentementEclaire.pdf\" target=\"_blank\" rel=\"noreferrer noopener\">en pdf<\/a><\/p>\n<p>7- Archive : Le r\u00f4le des m\u00e9dias et de l\u2019information \u00ab non contr\u00f4l\u00e9e \u00bb (Internet) dans les rapports entre Science et Soci\u00e9t\u00e9, <i>par Vincent Hervou\u00ebt<\/i><br><a href=\"http:\/\/murs.fr\/?p=681\" target=\"_blank\" rel=\"noreferrer noopener\">en ligne<\/a>, <a href=\"http:\/\/murs.fr\/wp-content\/uploads\/2022\/09\/MURS_Hervouet_Republication_2022.pdf\" target=\"_blank\" rel=\"noreferrer noopener\">en pdf<\/a>\n<\/p>\n<p><!-- \/wp:paragraph --><\/p>","protected":false},"excerpt":{"rendered":"<p>Editorial Mars 2020&nbsp;: du jour au lendemain, la France enti\u00e8re s\u2019est improvis\u00e9e virologue et \u00e9pid\u00e9miologiste. Du citoyen le plus r\u00e9tif aux mati\u00e8res scientifiques \u00e0 l\u2019expert le plus pointu dans son domaine, chacun est parti en qu\u00eate d\u2019informations sur le SARS-CoV-2, la Covid-19 et les solutions th\u00e9rapeutiques. Pass\u00e9 le premier effet de sid\u00e9ration, la place publique &hellip; <a href=\"http:\/\/murs.fr\/?page_id=569\" class=\"more-link\">Continuer la lecture<span class=\"screen-reader-text\"> de &laquo;&nbsp;Num\u00e9ro 2 : S&rsquo;informer et communiquer  en p\u00e9riode de pand\u00e9mie&nbsp;&raquo;<\/span><\/a><\/p>\n","protected":false},"author":1,"featured_media":0,"parent":446,"menu_order":1,"comment_status":"closed","ping_status":"closed","template":"","meta":{"spay_email":"","footnotes":""},"jetpack_sharing_enabled":true,"jetpack_shortlink":"https:\/\/wp.me\/P8hHEz-9b","jetpack-related-posts":[{"id":560,"url":"http:\/\/murs.fr\/?page_id=560","url_meta":{"origin":569,"position":0},"title":"Num\u00e9ro 1 :L'Homme et le Climat, 30 ann\u00e9es de recul","date":"27 juin 2022","format":false,"excerpt":"Paysage d'hiver avec patineurs et trappe aux oiseaux, Pieter Bruegel, 1565 EditorialPour la renaissance de la revue du MURS Fond\u00e9 en 1974, le Mouvement Universel de la Responsabilit\u00e9 Scientifique (MURS) reste convaincu de la pertinence du projet qui animait ses membres\u00a0fondateurs: contribuer au d\u00e9bat sur la responsabilit\u00e9 scientifique au sein\u2026","rel":"","context":"Article similaire","img":{"alt_text":"","src":"https:\/\/i2.wp.com\/murs.fr\/wp-content\/uploads\/2022\/02\/Pieter_Bruegel_d._A\u0308._093-scaled.jpg?resize=350%2C200","width":350,"height":200},"classes":[]},{"id":56,"url":"http:\/\/murs.fr\/?page_id=56","url_meta":{"origin":569,"position":1},"title":"Manifeste des Mad\u00e8res","date":"4 juillet 2018","format":false,"excerpt":"Avec l\u2019acc\u00e9l\u00e9ration et la multiplication des activit\u00e9s de recherche depuis le XXe et le XXIe si\u00e8cle, la soci\u00e9t\u00e9 s\u2019interroge sur la d\u00e9marche scientifique. En effet, les sources et les m\u00e9thodes du savoir scientifique ont vari\u00e9, sont devenues plus complexes en th\u00e9orie comme en exp\u00e9rimentation. En m\u00eame temps, elles se m\u00ealent\u2026","rel":"","context":"Article similaire","img":{"alt_text":"","src":"","width":0,"height":0},"classes":[]},{"id":446,"url":"http:\/\/murs.fr\/?page_id=446","url_meta":{"origin":569,"position":2},"title":"Science & Devenir de l\u2019Homme \u2013  Les Nouveaux Cahiers du MURS","date":"5 f\u00e9vrier 2022","format":false,"excerpt":"Apr\u00e8s plusieurs ann\u00e9es d\u2019interruption, la revue du MURS rena\u00eet en 2022 sous le nom \"Science & Devenir de l'Homme - Les Nouveaux Cahiers du MURS\". Nous sommes convaincus de l\u2019utilit\u00e9 pour le d\u00e9bat public d\u2019un lieu d\u2019\u00e9change privil\u00e9giant l\u2019\u00e9crit, s\u2019inscrivant dans la dur\u00e9e, en prise avec les enjeux du moment\u2026","rel":"","context":"Article similaire","img":{"alt_text":"","src":"","width":0,"height":0},"classes":[]},{"id":504,"url":"http:\/\/murs.fr\/?page_id=504","url_meta":{"origin":569,"position":3},"title":"La Revue du MURS : Archives","date":"14 f\u00e9vrier 2022","format":false,"excerpt":"Les Cahiers du MURS : de 1984 \u00e0 2011 Science & Devenir de l'Homme - Les Cahiers du MURS, revue trimestrielle en Sciences Humaines et Sociales, est apparue en 1984, publi\u00e9e par l'association \"Mouvement Universel de la Responsabilit\u00e9 Scientifique\".De 1984 \u00e0 2011, la revue rapporte les Conf\u00e9rences\u00a0et\u00a0Cours publics\u00a0de l'association sur\u2026","rel":"","context":"Article similaire","img":{"alt_text":"","src":"","width":0,"height":0},"classes":[]},{"id":14,"url":"http:\/\/murs.fr\/","url_meta":{"origin":569,"position":4},"title":"Le M.U.R.S.","date":"11 janvier 2017","format":false,"excerpt":"Le Mouvement Universel de la Responsabilit\u00e9 Scientifique est une Association loi 1901 qui a pour but d\u2019organiser des manifestations, destin\u00e9es \u00e0 la prise de conscience des probl\u00e8mes qui peuvent r\u00e9sulter pour l\u2019humanit\u00e9 du d\u00e9veloppement de la science et de ses applications. L\u2019Association organise des colloques, conf\u00e9rences, s\u00e9minaires, enqu\u00eates, \u00e9tudes et\u2026","rel":"","context":"Article similaire","img":{"alt_text":"","src":"","width":0,"height":0},"classes":[]},{"id":48,"url":"http:\/\/murs.fr\/?page_id=48","url_meta":{"origin":569,"position":5},"title":"Mission","date":"11 janvier 2017","format":false,"excerpt":"Responsables nous le sommes tous individuellement : scientifiques et non scientifiques, d\u00e9cideurs et citoyens. Souvent b\u00e9n\u00e9ficiaires dans l'imm\u00e9diat du progr\u00e8s scientifique, nous sommes comptables des risques que, mal orient\u00e9, il peut faire courir \u00e0 l'humanit\u00e9. Toute responsabilit\u00e9, pour exister comme pour s'exercer, exige information et r\u00e9flexion, pr\u00e9lude au dialogue d'o\u00f9\u2026","rel":"","context":"Article similaire","img":{"alt_text":"","src":"","width":0,"height":0},"classes":[]}],"_links":{"self":[{"href":"http:\/\/murs.fr\/index.php?rest_route=\/wp\/v2\/pages\/569"}],"collection":[{"href":"http:\/\/murs.fr\/index.php?rest_route=\/wp\/v2\/pages"}],"about":[{"href":"http:\/\/murs.fr\/index.php?rest_route=\/wp\/v2\/types\/page"}],"author":[{"embeddable":true,"href":"http:\/\/murs.fr\/index.php?rest_route=\/wp\/v2\/users\/1"}],"replies":[{"embeddable":true,"href":"http:\/\/murs.fr\/index.php?rest_route=%2Fwp%2Fv2%2Fcomments&post=569"}],"version-history":[{"count":43,"href":"http:\/\/murs.fr\/index.php?rest_route=\/wp\/v2\/pages\/569\/revisions"}],"predecessor-version":[{"id":884,"href":"http:\/\/murs.fr\/index.php?rest_route=\/wp\/v2\/pages\/569\/revisions\/884"}],"up":[{"embeddable":true,"href":"http:\/\/murs.fr\/index.php?rest_route=\/wp\/v2\/pages\/446"}],"wp:attachment":[{"href":"http:\/\/murs.fr\/index.php?rest_route=%2Fwp%2Fv2%2Fmedia&parent=569"}],"curies":[{"name":"wp","href":"https:\/\/api.w.org\/{rel}","templated":true}]}}